{"id":884,"date":"2023-04-03T16:26:33","date_gmt":"2023-04-03T16:26:33","guid":{"rendered":"https:\/\/www.m-tex.dk\/diamantpolering\/planlapning\/"},"modified":"2023-04-05T10:42:48","modified_gmt":"2023-04-05T10:42:48","slug":"planlapning","status":"publish","type":"page","link":"https:\/\/www.m-tex.dk\/de\/diamantpolering\/planlapning\/","title":{"rendered":"Planl\u00e4ppen"},"content":{"rendered":"<p>[et_pb_section fb_built=&#8220;1&#8243; _builder_version=&#8220;4.20.2&#8243; _module_preset=&#8220;default&#8220; background_color=&#8220;#bcbec0&#8243; custom_padding=&#8220;0px||0px||false|false&#8220; global_colors_info=&#8220;{}&#8220;][et_pb_row _builder_version=&#8220;4.20.2&#8243; _module_preset=&#8220;default&#8220; global_colors_info=&#8220;{}&#8220;][et_pb_column type=&#8220;4_4&#8243; _builder_version=&#8220;4.20.2&#8243; _module_preset=&#8220;default&#8220; global_colors_info=&#8220;{}&#8220;][et_pb_text _builder_version=&#8220;4.20.4&#8243; _module_preset=&#8220;default&#8220; header_2_text_color=&#8220;#FFFFFF&#8220; global_colors_info=&#8220;{}&#8220;]<\/p>\n<h2>Planl\u00e4ppen<\/h2>\n<p>[\/et_pb_text][\/et_pb_column][\/et_pb_row][\/et_pb_section][et_pb_section fb_built=&#8220;1&#8243; _builder_version=&#8220;4.20.2&#8243; _module_preset=&#8220;default&#8220; background_color=&#8220;#e6e7e8&#8243; global_colors_info=&#8220;{}&#8220;][et_pb_row column_structure=&#8220;1_2,1_2&#8243; _builder_version=&#8220;4.20.2&#8243; _module_preset=&#8220;default&#8220; global_colors_info=&#8220;{}&#8220;][et_pb_column type=&#8220;1_2&#8243; _builder_version=&#8220;4.20.2&#8243; _module_preset=&#8220;default&#8220; global_colors_info=&#8220;{}&#8220;][et_pb_text _builder_version=&#8220;4.20.4&#8243; _module_preset=&#8220;default&#8220; global_colors_info=&#8220;{}&#8220;]Bestimmte Formteile erfordern eine ganz einzigartige Planheit. Wir planl\u00e4ppen Ihre Formteile in einer L\u00e4ppmaschine, in der sie mit vielen verschiedenen \u00b5-Gr\u00f6\u00dfen und L\u00e4pppl\u00e4nen bearbeitet werden \u2013 bis die gew\u00fcnschte Oberfl\u00e4che erreicht ist. Das ergibt eine zu 100 % optimale Planheit.[\/et_pb_text][\/et_pb_column][et_pb_column type=&#8220;1_2&#8243; _builder_version=&#8220;4.20.2&#8243; _module_preset=&#8220;default&#8220; global_colors_info=&#8220;{}&#8220;][et_pb_text _builder_version=&#8220;4.20.2&#8243; _module_preset=&#8220;default&#8220; box_shadow_style=&#8220;preset2&#8243; global_colors_info=&#8220;{}&#8220;]<\/p>\n\r\n\t\t\t\t\t\n\r\n\t\t\t\t\t<!-- START UNITE GALLERY 1.7.58 -->\r\n\t\t\t\t\t\r\n\t\t\t\t\n\t\t\t<div id='unitegallery_3_1' class='unite-gallery' style='margin:0px auto;'>\n\t\t\t\t\n\n\t\t\t\t\t\t<img decoding=\"async\" alt=\"planlapning-1\"\n\t\t\t\t\t\t     src=\"\" data-image=\"https:\/\/www.m-tex.dk\/wp-content\/uploads\/2023\/04\/planlapning-1.jpg\"\n\t\t\t\t\t\t     data-thumb=\"https:\/\/www.m-tex.dk\/wp-content\/uploads\/2023\/04\/planlapning-1-300x198.jpg\"\n\t\t\t\t\t\t     title=\"\"\n\t\t\t\t\t\t     style=\"display:none\">\n\n\t\t\t\t\t\t<img decoding=\"async\" alt=\"planlapning-2\"\n\t\t\t\t\t\t     src=\"\" data-image=\"https:\/\/www.m-tex.dk\/wp-content\/uploads\/2023\/04\/planlapning-2.jpg\"\n\t\t\t\t\t\t     data-thumb=\"https:\/\/www.m-tex.dk\/wp-content\/uploads\/2023\/04\/planlapning-2-300x198.jpg\"\n\t\t\t\t\t\t     title=\"\"\n\t\t\t\t\t\t     style=\"display:none\">\n\n\t\t\t\t\t\t<img decoding=\"async\" alt=\"planlapning-3\"\n\t\t\t\t\t\t     src=\"\" data-image=\"https:\/\/www.m-tex.dk\/wp-content\/uploads\/2023\/04\/planlapning-3.jpg\"\n\t\t\t\t\t\t     data-thumb=\"https:\/\/www.m-tex.dk\/wp-content\/uploads\/2023\/04\/planlapning-3-300x198.jpg\"\n\t\t\t\t\t\t     title=\"\"\n\t\t\t\t\t\t     style=\"display:none\">\n\t\t\t<\/div>\n\n\t\t\t<script type='text\/javascript'>\n\t\t\t\twindow.onload = function(e) {\n\t\t\t\t\tif(typeof ugCheckForErrors == \"undefined\"){\n\t\t\t\t\t\tdocument.getElementById(\"unitegallery_3_1\").innerHTML = \"<span style='color:red'>Unite Gallery Error - gallery js and css files not included in the footer. Please make sure that wp_footer() function is added to your theme.<\/span>\";}\n\t\t\t\t\telse{ ugCheckForErrors(\"unitegallery_3_1\", \"jquery\");}\n\t\t\t\t};\n\t\t\t<\/script>\n\n\t\t\t<!-- END UNITEGALLERY -->\n<p>[\/et_pb_text][\/et_pb_column][\/et_pb_row][\/et_pb_section][et_pb_section fb_built=&#8220;1&#8243; _builder_version=&#8220;4.20.2&#8243; _module_preset=&#8220;default&#8220; background_color=&#8220;#d1d3d4&#8243; custom_padding=&#8220;0px||0px||false|false&#8220; global_module=&#8220;875&#8243; saved_tabs=&#8220;all&#8220; global_colors_info=&#8220;{}&#8220;][et_pb_row column_structure=&#8220;1_5,1_5,1_5,1_5,1_5&#8243; _builder_version=&#8220;4.20.2&#8243; _module_preset=&#8220;default&#8220; global_colors_info=&#8220;{}&#8220;][et_pb_column type=&#8220;1_5&#8243; _builder_version=&#8220;4.20.2&#8243; _module_preset=&#8220;default&#8220; global_colors_info=&#8220;{}&#8220;][et_pb_image src=&#8220;https:\/\/www.m-tex.dk\/wp-content\/uploads\/2023\/04\/flemming-nielsen-lille.jpg&#8220; title_text=&#8220;flemming-nielsen-lille&#8220; _builder_version=&#8220;4.20.2&#8243; _module_preset=&#8220;default&#8220; global_colors_info=&#8220;{}&#8220;][\/et_pb_image][et_pb_blurb title=&#8220;Flemming Drechsel Nielsen<br \/> CEO&#8220; use_icon=&#8220;on&#8220; font_icon=&#8220;&#xf007;||fa||900&#8243; icon_color=&#8220;#5ca4da&#8220; icon_placement=&#8220;left&#8220; image_icon_width=&#8220;20px&#8220; _builder_version=&#8220;4.20.2&#8243; _module_preset=&#8220;default&#8220; header_font=&#8220;||||||||&#8220; header_text_color=&#8220;#000000&#8243; header_font_size=&#8220;13px&#8220; image_icon_custom_margin=&#8220;||0px||false|false&#8220; image_icon_custom_padding=&#8220;||0px||false|false&#8220; custom_margin=&#8220;||0px||false|false&#8220; custom_padding=&#8220;0px||0px||false|false&#8220; border_color_all_image=&#8220;#ffffff&#8220; global_colors_info=&#8220;{}&#8220;][\/et_pb_blurb][et_pb_blurb use_icon=&#8220;on&#8220; font_icon=&#8220;&#xe090;||divi||400&#8243; icon_color=&#8220;#5ca4da&#8220; icon_placement=&#8220;left&#8220; image_icon_width=&#8220;20px&#8220; _builder_version=&#8220;4.20.2&#8243; _module_preset=&#8220;default&#8220; header_font=&#8220;||||||||&#8220; header_text_align=&#8220;left&#8220; header_text_color=&#8220;#000000&#8243; header_font_size=&#8220;13px&#8220; body_text_color=&#8220;#000000&#8243; body_font_size=&#8220;13px&#8220; body_line_height=&#8220;1em&#8220; image_icon_custom_margin=&#8220;|0px|0px|0px|false|false&#8220; image_icon_custom_padding=&#8220;0px|0px|0px|0px|false|false&#8220; custom_margin=&#8220;||0px||false|false&#8220; custom_padding=&#8220;0px||0px||false|false&#8220; border_color_all_image=&#8220;#ffffff&#8220; global_colors_info=&#8220;{}&#8220; custom_css_before_last_edited=&#8220;off|desktop&#8220;]<a  href=\"tel:+45 2395 2142\">+45 2395 2142<\/a>[\/et_pb_blurb][et_pb_blurb use_icon=&#8220;on&#8220; font_icon=&#8220;&#xe010;||divi||400&#8243; icon_color=&#8220;#5ca4da&#8220; icon_placement=&#8220;left&#8220; image_icon_width=&#8220;20px&#8220; _builder_version=&#8220;4.20.2&#8243; _module_preset=&#8220;default&#8220; header_font=&#8220;||||||||&#8220; header_text_color=&#8220;#000000&#8243; header_font_size=&#8220;13px&#8220; custom_margin=&#8220;||0px||false|false&#8220; custom_padding=&#8220;0px||0px||false|false&#8220; border_color_all_image=&#8220;#ffffff&#8220; global_colors_info=&#8220;{}&#8220;]<a href=\"mailto:fdn@m-tex.dk\">fdn@m-tex.dk<\/a>[\/et_pb_blurb][\/et_pb_column][et_pb_column type=&#8220;1_5&#8243; _builder_version=&#8220;4.20.2&#8243; _module_preset=&#8220;default&#8220; global_colors_info=&#8220;{}&#8220;][et_pb_image src=&#8220;https:\/\/www.m-tex.dk\/wp-content\/uploads\/2023\/04\/martin-lille.jpg&#8220; title_text=&#8220;martin-lille&#8220; _builder_version=&#8220;4.20.2&#8243; _module_preset=&#8220;default&#8220; box_shadow_style=&#8220;preset2&#8243; global_colors_info=&#8220;{}&#8220;][\/et_pb_image][et_pb_blurb title=&#8220;Martin Kruse Christoffersen <br \/> CPO&#8220; use_icon=&#8220;on&#8220; font_icon=&#8220;&#xf007;||fa||900&#8243; icon_color=&#8220;#5ca4da&#8220; icon_placement=&#8220;left&#8220; image_icon_width=&#8220;20px&#8220; _builder_version=&#8220;4.20.2&#8243; _module_preset=&#8220;default&#8220; header_font=&#8220;||||||||&#8220; header_text_color=&#8220;#000000&#8243; header_font_size=&#8220;13px&#8220; custom_margin=&#8220;||0px||false|false&#8220; custom_padding=&#8220;0px||0px||false|false&#8220; border_color_all_image=&#8220;#ffffff&#8220; global_colors_info=&#8220;{}&#8220;][\/et_pb_blurb][et_pb_blurb use_icon=&#8220;on&#8220; font_icon=&#8220;&#xe090;||divi||400&#8243; icon_color=&#8220;#5ca4da&#8220; icon_placement=&#8220;left&#8220; image_icon_width=&#8220;20px&#8220; _builder_version=&#8220;4.20.2&#8243; _module_preset=&#8220;default&#8220; header_font=&#8220;||||||||&#8220; header_text_align=&#8220;left&#8220; header_text_color=&#8220;#000000&#8243; header_font_size=&#8220;13px&#8220; body_text_color=&#8220;#000000&#8243; body_font_size=&#8220;13px&#8220; body_line_height=&#8220;1em&#8220; image_icon_custom_margin=&#8220;|0px|0px|0px|false|false&#8220; image_icon_custom_padding=&#8220;0px|0px|0px|0px|false|false&#8220; custom_margin=&#8220;||0px||false|false&#8220; custom_padding=&#8220;0px||0px||false|false&#8220; border_color_all_image=&#8220;#ffffff&#8220; global_colors_info=&#8220;{}&#8220; custom_css_before_last_edited=&#8220;off|desktop&#8220;]<\/p>\n<p><a href=\"tel:+45 5153 1773\">+45 5153 1773<\/a><\/p>\n<p>[\/et_pb_blurb][et_pb_blurb use_icon=&#8220;on&#8220; font_icon=&#8220;&#xe010;||divi||400&#8243; icon_color=&#8220;#5ca4da&#8220; icon_placement=&#8220;left&#8220; image_icon_width=&#8220;20px&#8220; _builder_version=&#8220;4.20.2&#8243; _module_preset=&#8220;default&#8220; header_font=&#8220;||||||||&#8220; header_text_color=&#8220;#000000&#8243; header_font_size=&#8220;13px&#8220; border_color_all_image=&#8220;#ffffff&#8220; global_colors_info=&#8220;{}&#8220;]<\/p>\n<p><a href=\"mailto:mkc@m-tex.dk\">mkc@m-tex.dk<\/a><\/p>\n<p>[\/et_pb_blurb][\/et_pb_column][et_pb_column type=&#8220;1_5&#8243; _builder_version=&#8220;4.20.2&#8243; _module_preset=&#8220;default&#8220; global_colors_info=&#8220;{}&#8220;][et_pb_image src=&#8220;https:\/\/www.m-tex.dk\/wp-content\/uploads\/2023\/04\/maybrit-bengtsen-lille.jpg&#8220; title_text=&#8220;maybrit-bengtsen-lille&#8220; _builder_version=&#8220;4.20.2&#8243; _module_preset=&#8220;default&#8220; box_shadow_style=&#8220;preset2&#8243; global_colors_info=&#8220;{}&#8220;][\/et_pb_image][et_pb_blurb title=&#8220;Maybrit Drechsel  Bengtsen <br \/> CFO&#8220; use_icon=&#8220;on&#8220; font_icon=&#8220;&#xf007;||fa||900&#8243; icon_color=&#8220;#5ca4da&#8220; icon_placement=&#8220;left&#8220; image_icon_width=&#8220;20px&#8220; _builder_version=&#8220;4.20.2&#8243; _module_preset=&#8220;default&#8220; header_font=&#8220;||||||||&#8220; header_text_color=&#8220;#000000&#8243; header_font_size=&#8220;13px&#8220; custom_margin=&#8220;||0px||false|false&#8220; custom_padding=&#8220;0px||0px||false|false&#8220; border_color_all_image=&#8220;#ffffff&#8220; global_colors_info=&#8220;{}&#8220;][\/et_pb_blurb][et_pb_blurb use_icon=&#8220;on&#8220; font_icon=&#8220;&#xe090;||divi||400&#8243; icon_color=&#8220;#5ca4da&#8220; icon_placement=&#8220;left&#8220; image_icon_width=&#8220;20px&#8220; _builder_version=&#8220;4.20.2&#8243; _module_preset=&#8220;default&#8220; header_font=&#8220;||||||||&#8220; header_text_align=&#8220;left&#8220; header_text_color=&#8220;#000000&#8243; header_font_size=&#8220;13px&#8220; body_text_color=&#8220;#000000&#8243; body_font_size=&#8220;13px&#8220; body_line_height=&#8220;1em&#8220; image_icon_custom_margin=&#8220;|0px|0px|0px|false|false&#8220; image_icon_custom_padding=&#8220;0px|0px|0px|0px|false|false&#8220; custom_margin=&#8220;||0px||false|false&#8220; custom_padding=&#8220;0px||0px||false|false&#8220; border_color_all_image=&#8220;#ffffff&#8220; global_colors_info=&#8220;{}&#8220; custom_css_before_last_edited=&#8220;off|desktop&#8220;]<\/p>\n<p><a href=\"tel:+45 2120 1773\">+45 2120 1773<\/a><\/p>\n<p>[\/et_pb_blurb][et_pb_blurb use_icon=&#8220;on&#8220; font_icon=&#8220;&#xe010;||divi||400&#8243; icon_color=&#8220;#5ca4da&#8220; icon_placement=&#8220;left&#8220; image_icon_width=&#8220;20px&#8220; _builder_version=&#8220;4.20.2&#8243; _module_preset=&#8220;default&#8220; header_font=&#8220;||||||||&#8220; header_text_color=&#8220;#000000&#8243; header_font_size=&#8220;13px&#8220; border_color_all_image=&#8220;#ffffff&#8220; global_colors_info=&#8220;{}&#8220;]<a href=\"mailto:mb@m-tex.dk\">mb@m-tex.dk<\/a>[\/et_pb_blurb][\/et_pb_column][et_pb_column type=&#8220;1_5&#8243; _builder_version=&#8220;4.20.2&#8243; _module_preset=&#8220;default&#8220; global_colors_info=&#8220;{}&#8220;][et_pb_text _builder_version=&#8220;4.20.4&#8243; _module_preset=&#8220;default&#8220; global_colors_info=&#8220;{}&#8220;]<\/p>\n<h2>kontaktiere uns<\/h2>\n<div class=\"fw-content footer-border\">\n<div class=\"textwidget\">\n<p>S\u00f8ren Nielsen Diamantpolering ApS<br \/>\nV\u00e6vergyden 3, Lindelse<br \/>\nDK-5900 Rudk\u00f8bing<br \/>\nTlf. <strong><a href=\"tel:++45 6257 1773\">+45 6257 1773<\/a><\/strong><br \/>\n<strong><a href=\"mailto:fdn@m-tex.dk\">fdn@m-tex.dk<\/a><\/strong><\/p>\n<\/div>\n<\/div>\n<p>[\/et_pb_text][\/et_pb_column][et_pb_column type=&#8220;1_5&#8243; _builder_version=&#8220;4.20.2&#8243; _module_preset=&#8220;default&#8220; global_colors_info=&#8220;{}&#8220;][et_pb_text _builder_version=&#8220;4.20.4&#8243; _module_preset=&#8220;default&#8220; global_colors_info=&#8220;{}&#8220;]<\/p>\n<h2>Folgen Sie uns<\/h2>\n<p>[\/et_pb_text][et_pb_social_media_follow _builder_version=&#8220;4.20.2&#8243; _module_preset=&#8220;default&#8220; global_colors_info=&#8220;{}&#8220;][et_pb_social_media_follow_network social_network=&#8220;linkedin&#8220; url=&#8220;https:\/\/www.linkedin.com\/company\/s%C3%B8ren-nielsen-diamantpolering\/&#8220; _builder_version=&#8220;4.20.2&#8243; _module_preset=&#8220;default&#8220; background_color=&#8220;#007bb6&#8243; global_colors_info=&#8220;{}&#8220; follow_button=&#8220;off&#8220; url_new_window=&#8220;on&#8220;]linkedin[\/et_pb_social_media_follow_network][\/et_pb_social_media_follow][et_pb_text _builder_version=&#8220;4.20.4&#8243; _module_preset=&#8220;default&#8220; global_colors_info=&#8220;{}&#8220;]<\/p>\n<h2>Partnerin<\/h2>\n<p>[\/et_pb_text][et_pb_image src=&#8220;https:\/\/www.m-tex.dk\/wp-content\/uploads\/2023\/04\/m-tex-logo.png&#8220; title_text=&#8220;m-tex-logo&#8220; _builder_version=&#8220;4.20.2&#8243; _module_preset=&#8220;default&#8220; width=&#8220;50%&#8220; global_colors_info=&#8220;{}&#8220;][\/et_pb_image][\/et_pb_column][\/et_pb_row][\/et_pb_section]<\/p>\n","protected":false},"excerpt":{"rendered":"<p>Planl\u00e4ppenBestimmte Formteile erfordern eine ganz einzigartige Planheit. Wir planl\u00e4ppen Ihre Formteile in einer L\u00e4ppmaschine, in der sie mit vielen verschiedenen \u00b5-Gr\u00f6\u00dfen und L\u00e4pppl\u00e4nen bearbeitet werden \u2013 bis die gew\u00fcnschte Oberfl\u00e4che erreicht ist. Das ergibt eine zu 100 % optimale Planheit.\r\n\t\t\t\t\t\n\r\n\t\t\t\t\t<!-- START UNITE GALLERY 1.7.58 -->\r\n\t\t\t\t\t\r\n\t\t\t\t\n\t\t\t<div id='unitegallery_3_2' class='unite-gallery' style='margin:0px auto;'>\n\t\t\t\t\n\n\t\t\t\t\t\t<img decoding=\"async\" alt=\"planlapning-1\"\n\t\t\t\t\t\t     src=\"\" data-image=\"https:\/\/www.m-tex.dk\/wp-content\/uploads\/2023\/04\/planlapning-1.jpg\"\n\t\t\t\t\t\t     data-thumb=\"https:\/\/www.m-tex.dk\/wp-content\/uploads\/2023\/04\/planlapning-1-300x198.jpg\"\n\t\t\t\t\t\t     title=\"\"\n\t\t\t\t\t\t     style=\"display:none\">\n\n\t\t\t\t\t\t<img decoding=\"async\" alt=\"planlapning-2\"\n\t\t\t\t\t\t     src=\"\" data-image=\"https:\/\/www.m-tex.dk\/wp-content\/uploads\/2023\/04\/planlapning-2.jpg\"\n\t\t\t\t\t\t     data-thumb=\"https:\/\/www.m-tex.dk\/wp-content\/uploads\/2023\/04\/planlapning-2-300x198.jpg\"\n\t\t\t\t\t\t     title=\"\"\n\t\t\t\t\t\t     style=\"display:none\">\n\n\t\t\t\t\t\t<img decoding=\"async\" alt=\"planlapning-3\"\n\t\t\t\t\t\t     src=\"\" data-image=\"https:\/\/www.m-tex.dk\/wp-content\/uploads\/2023\/04\/planlapning-3.jpg\"\n\t\t\t\t\t\t     data-thumb=\"https:\/\/www.m-tex.dk\/wp-content\/uploads\/2023\/04\/planlapning-3-300x198.jpg\"\n\t\t\t\t\t\t     title=\"\"\n\t\t\t\t\t\t     style=\"display:none\">\n\t\t\t<\/div>\n\n\n\t\t\t<!-- END UNITEGALLERY -->+45 2395 2142fdn@m-tex.dk+45 5153 1773mkc@m-tex.dk+45 2120 1773mb@m-tex.dkkontaktiere uns S\u00f8ren Nielsen Diamantpolering ApS V\u00e6vergyden 3, Lindelse [&hellip;]<\/p>\n","protected":false},"author":1,"featured_media":0,"parent":877,"menu_order":0,"comment_status":"closed","ping_status":"closed","template":"","meta":{"_et_pb_use_builder":"on","_et_pb_old_content":"","_et_gb_content_width":"","inline_featured_image":false,"footnotes":""},"class_list":["post-884","page","type-page","status-publish","hentry"],"_links":{"self":[{"href":"https:\/\/www.m-tex.dk\/de\/wp-json\/wp\/v2\/pages\/884","targetHints":{"allow":["GET"]}}],"collection":[{"href":"https:\/\/www.m-tex.dk\/de\/wp-json\/wp\/v2\/pages"}],"about":[{"href":"https:\/\/www.m-tex.dk\/de\/wp-json\/wp\/v2\/types\/page"}],"author":[{"embeddable":true,"href":"https:\/\/www.m-tex.dk\/de\/wp-json\/wp\/v2\/users\/1"}],"replies":[{"embeddable":true,"href":"https:\/\/www.m-tex.dk\/de\/wp-json\/wp\/v2\/comments?post=884"}],"version-history":[{"count":4,"href":"https:\/\/www.m-tex.dk\/de\/wp-json\/wp\/v2\/pages\/884\/revisions"}],"predecessor-version":[{"id":890,"href":"https:\/\/www.m-tex.dk\/de\/wp-json\/wp\/v2\/pages\/884\/revisions\/890"}],"up":[{"embeddable":true,"href":"https:\/\/www.m-tex.dk\/de\/wp-json\/wp\/v2\/pages\/877"}],"wp:attachment":[{"href":"https:\/\/www.m-tex.dk\/de\/wp-json\/wp\/v2\/media?parent=884"}],"curies":[{"name":"wp","href":"https:\/\/api.w.org\/{rel}","templated":true}]}}