{"id":910,"date":"2023-04-04T11:19:46","date_gmt":"2023-04-04T11:19:46","guid":{"rendered":"https:\/\/www.m-tex.dk\/aetsning\/strukturering-af-prototyper\/"},"modified":"2023-04-05T11:03:49","modified_gmt":"2023-04-05T11:03:49","slug":"strukturering-af-prototyper","status":"publish","type":"page","link":"https:\/\/www.m-tex.dk\/de\/aetsning\/strukturering-af-prototyper\/","title":{"rendered":"Strukturieren von Prototypen"},"content":{"rendered":"<p>[et_pb_section fb_built=&#8220;1&#8243; _builder_version=&#8220;4.20.2&#8243; _module_preset=&#8220;default&#8220; background_color=&#8220;#bcbec0&#8243; custom_padding=&#8220;0px||0px||false|false&#8220; global_colors_info=&#8220;{}&#8220;][et_pb_row _builder_version=&#8220;4.20.2&#8243; _module_preset=&#8220;default&#8220; global_colors_info=&#8220;{}&#8220;][et_pb_column type=&#8220;4_4&#8243; _builder_version=&#8220;4.20.2&#8243; _module_preset=&#8220;default&#8220; global_colors_info=&#8220;{}&#8220;][et_pb_text _builder_version=&#8220;4.20.4&#8243; _module_preset=&#8220;default&#8220; header_2_text_color=&#8220;#FFFFFF&#8220; hover_enabled=&#8220;0&#8243; global_colors_info=&#8220;{}&#8220; sticky_enabled=&#8220;0&#8243;]<\/p>\n<h2>Strukturieren von Prototypen<\/h2>\n<p>[\/et_pb_text][\/et_pb_column][\/et_pb_row][\/et_pb_section][et_pb_section fb_built=&#8220;1&#8243; _builder_version=&#8220;4.20.2&#8243; _module_preset=&#8220;default&#8220; background_color=&#8220;#e6e7e8&#8243; global_colors_info=&#8220;{}&#8220;][et_pb_row column_structure=&#8220;1_2,1_2&#8243; _builder_version=&#8220;4.20.2&#8243; _module_preset=&#8220;default&#8220; global_colors_info=&#8220;{}&#8220;][et_pb_column type=&#8220;1_2&#8243; _builder_version=&#8220;4.20.2&#8243; _module_preset=&#8220;default&#8220; global_colors_info=&#8220;{}&#8220;][et_pb_text _builder_version=&#8220;4.20.4&#8243; _module_preset=&#8220;default&#8220; hover_enabled=&#8220;0&#8243; global_colors_info=&#8220;{}&#8220; sticky_enabled=&#8220;0&#8243;]Das \u00c4tzen\/Strukturieren von Prototypen wird h\u00e4ufig eingesetzt, ehe man mit dem Bearbeiten von Werkzeugen beginnt. Auch das erledigen wir bei uns im Haus. Wir k\u00f6nnen Oberfl\u00e4chenstrukturen in Ihre Prototypen \u00e4tzen und die Werkst\u00fccke f\u00fcr Sie lackieren.<\/p>\n<p>Wir foto\u00e4tzen sowohl SLA- als auch SLS-Modelle und bew\u00e4ltigen selbst gro\u00dfe Prototypen \u2013 unter anderem f\u00fcr die Automobil- und M\u00f6belindustrie.<\/p>\n<p>Mit einer Oberfl\u00e4che an einem Prototyp erhalten Sie eine sichere Entscheidungsgrundlage. Wir haben eine gro\u00dfe Auswahl an Standardmustern, unter denen Sie ausw\u00e4hlen k\u00f6nnen. Wenn Sie Ihre ganz eigene Note w\u00fcnschen, so entwickeln wir gern ein Muster f\u00fcr Sie.[\/et_pb_text][\/et_pb_column][et_pb_column type=&#8220;1_2&#8243; _builder_version=&#8220;4.20.2&#8243; _module_preset=&#8220;default&#8220; global_colors_info=&#8220;{}&#8220;][et_pb_image src=&#8220;https:\/\/www.m-tex.dk\/wp-content\/uploads\/2023\/04\/prototypes.jpg&#8220; title_text=&#8220;prototypes&#8220; _builder_version=&#8220;4.20.2&#8243; _module_preset=&#8220;default&#8220; box_shadow_style=&#8220;preset2&#8243; global_colors_info=&#8220;{}&#8220;][\/et_pb_image][\/et_pb_column][\/et_pb_row][\/et_pb_section][et_pb_section fb_built=&#8220;1&#8243; _builder_version=&#8220;4.20.2&#8243; _module_preset=&#8220;default&#8220; background_color=&#8220;#d1d3d4&#8243; custom_padding=&#8220;0px||0px||false|false&#8220; saved_tabs=&#8220;all&#8220; global_colors_info=&#8220;{}&#8220; global_module=&#8220;875&#8243; theme_builder_area=&#8220;post_content&#8220;][et_pb_row column_structure=&#8220;1_5,1_5,1_5,1_5,1_5&#8243; _builder_version=&#8220;4.20.2&#8243; _module_preset=&#8220;default&#8220; global_colors_info=&#8220;{}&#8220; theme_builder_area=&#8220;post_content&#8220;][et_pb_column type=&#8220;1_5&#8243; _builder_version=&#8220;4.20.2&#8243; _module_preset=&#8220;default&#8220; global_colors_info=&#8220;{}&#8220; theme_builder_area=&#8220;post_content&#8220;][et_pb_image src=&#8220;https:\/\/www.m-tex.dk\/wp-content\/uploads\/2023\/04\/flemming-nielsen-lille.jpg&#8220; title_text=&#8220;flemming-nielsen-lille&#8220; _builder_version=&#8220;4.20.2&#8243; _module_preset=&#8220;default&#8220; global_colors_info=&#8220;{}&#8220; theme_builder_area=&#8220;post_content&#8220;][\/et_pb_image][et_pb_blurb title=&#8220;Flemming Drechsel Nielsen<br \/> CEO&#8220; use_icon=&#8220;on&#8220; font_icon=&#8220;&#xf007;||fa||900&#8243; icon_color=&#8220;#5ca4da&#8220; icon_placement=&#8220;left&#8220; image_icon_width=&#8220;20px&#8220; _builder_version=&#8220;4.20.2&#8243; _module_preset=&#8220;default&#8220; header_font=&#8220;||||||||&#8220; header_text_color=&#8220;#000000&#8243; header_font_size=&#8220;13px&#8220; image_icon_custom_margin=&#8220;||0px||false|false&#8220; image_icon_custom_padding=&#8220;||0px||false|false&#8220; custom_margin=&#8220;||0px||false|false&#8220; custom_padding=&#8220;0px||0px||false|false&#8220; border_color_all_image=&#8220;#ffffff&#8220; global_colors_info=&#8220;{}&#8220; theme_builder_area=&#8220;post_content&#8220;][\/et_pb_blurb][et_pb_blurb use_icon=&#8220;on&#8220; font_icon=&#8220;&#xe090;||divi||400&#8243; icon_color=&#8220;#5ca4da&#8220; icon_placement=&#8220;left&#8220; image_icon_width=&#8220;20px&#8220; _builder_version=&#8220;4.20.2&#8243; _module_preset=&#8220;default&#8220; header_font=&#8220;||||||||&#8220; header_text_align=&#8220;left&#8220; header_text_color=&#8220;#000000&#8243; header_font_size=&#8220;13px&#8220; body_text_color=&#8220;#000000&#8243; body_font_size=&#8220;13px&#8220; body_line_height=&#8220;1em&#8220; image_icon_custom_margin=&#8220;|0px|0px|0px|false|false&#8220; image_icon_custom_padding=&#8220;0px|0px|0px|0px|false|false&#8220; custom_margin=&#8220;||0px||false|false&#8220; custom_padding=&#8220;0px||0px||false|false&#8220; border_color_all_image=&#8220;#ffffff&#8220; global_colors_info=&#8220;{}&#8220; custom_css_before_last_edited=&#8220;off|desktop&#8220; theme_builder_area=&#8220;post_content&#8220;]<a  href=\"tel:+45 2395 2142\">+45 2395 2142<\/a>[\/et_pb_blurb][et_pb_blurb use_icon=&#8220;on&#8220; font_icon=&#8220;&#xe010;||divi||400&#8243; icon_color=&#8220;#5ca4da&#8220; icon_placement=&#8220;left&#8220; image_icon_width=&#8220;20px&#8220; _builder_version=&#8220;4.20.2&#8243; _module_preset=&#8220;default&#8220; header_font=&#8220;||||||||&#8220; header_text_color=&#8220;#000000&#8243; header_font_size=&#8220;13px&#8220; custom_margin=&#8220;||0px||false|false&#8220; custom_padding=&#8220;0px||0px||false|false&#8220; border_color_all_image=&#8220;#ffffff&#8220; global_colors_info=&#8220;{}&#8220; theme_builder_area=&#8220;post_content&#8220;]<a href=\"mailto:fdn@m-tex.dk\">fdn@m-tex.dk<\/a>[\/et_pb_blurb][\/et_pb_column][et_pb_column type=&#8220;1_5&#8243; _builder_version=&#8220;4.20.2&#8243; _module_preset=&#8220;default&#8220; global_colors_info=&#8220;{}&#8220; theme_builder_area=&#8220;post_content&#8220;][et_pb_image src=&#8220;https:\/\/www.m-tex.dk\/wp-content\/uploads\/2023\/04\/martin-lille.jpg&#8220; title_text=&#8220;martin-lille&#8220; _builder_version=&#8220;4.20.2&#8243; _module_preset=&#8220;default&#8220; box_shadow_style=&#8220;preset2&#8243; global_colors_info=&#8220;{}&#8220; theme_builder_area=&#8220;post_content&#8220;][\/et_pb_image][et_pb_blurb title=&#8220;Martin Kruse Christoffersen <br \/> CPO&#8220; use_icon=&#8220;on&#8220; font_icon=&#8220;&#xf007;||fa||900&#8243; icon_color=&#8220;#5ca4da&#8220; icon_placement=&#8220;left&#8220; image_icon_width=&#8220;20px&#8220; _builder_version=&#8220;4.20.2&#8243; _module_preset=&#8220;default&#8220; header_font=&#8220;||||||||&#8220; header_text_color=&#8220;#000000&#8243; header_font_size=&#8220;13px&#8220; custom_margin=&#8220;||0px||false|false&#8220; custom_padding=&#8220;0px||0px||false|false&#8220; border_color_all_image=&#8220;#ffffff&#8220; global_colors_info=&#8220;{}&#8220; theme_builder_area=&#8220;post_content&#8220;][\/et_pb_blurb][et_pb_blurb use_icon=&#8220;on&#8220; font_icon=&#8220;&#xe090;||divi||400&#8243; icon_color=&#8220;#5ca4da&#8220; icon_placement=&#8220;left&#8220; image_icon_width=&#8220;20px&#8220; _builder_version=&#8220;4.20.2&#8243; _module_preset=&#8220;default&#8220; header_font=&#8220;||||||||&#8220; header_text_align=&#8220;left&#8220; header_text_color=&#8220;#000000&#8243; header_font_size=&#8220;13px&#8220; body_text_color=&#8220;#000000&#8243; body_font_size=&#8220;13px&#8220; body_line_height=&#8220;1em&#8220; image_icon_custom_margin=&#8220;|0px|0px|0px|false|false&#8220; image_icon_custom_padding=&#8220;0px|0px|0px|0px|false|false&#8220; custom_margin=&#8220;||0px||false|false&#8220; custom_padding=&#8220;0px||0px||false|false&#8220; border_color_all_image=&#8220;#ffffff&#8220; global_colors_info=&#8220;{}&#8220; custom_css_before_last_edited=&#8220;off|desktop&#8220; theme_builder_area=&#8220;post_content&#8220;]<\/p>\n<p><a href=\"tel:+45 5153 1773\">+45 5153 1773<\/a><\/p>\n<p>[\/et_pb_blurb][et_pb_blurb use_icon=&#8220;on&#8220; font_icon=&#8220;&#xe010;||divi||400&#8243; icon_color=&#8220;#5ca4da&#8220; icon_placement=&#8220;left&#8220; image_icon_width=&#8220;20px&#8220; _builder_version=&#8220;4.20.2&#8243; _module_preset=&#8220;default&#8220; header_font=&#8220;||||||||&#8220; header_text_color=&#8220;#000000&#8243; header_font_size=&#8220;13px&#8220; border_color_all_image=&#8220;#ffffff&#8220; global_colors_info=&#8220;{}&#8220; theme_builder_area=&#8220;post_content&#8220;]<\/p>\n<p><a href=\"mailto:mkc@m-tex.dk\">mkc@m-tex.dk<\/a><\/p>\n<p>[\/et_pb_blurb][\/et_pb_column][et_pb_column type=&#8220;1_5&#8243; _builder_version=&#8220;4.20.2&#8243; _module_preset=&#8220;default&#8220; global_colors_info=&#8220;{}&#8220; theme_builder_area=&#8220;post_content&#8220;][et_pb_image src=&#8220;https:\/\/www.m-tex.dk\/wp-content\/uploads\/2023\/04\/maybrit-bengtsen-lille.jpg&#8220; title_text=&#8220;maybrit-bengtsen-lille&#8220; _builder_version=&#8220;4.20.2&#8243; _module_preset=&#8220;default&#8220; box_shadow_style=&#8220;preset2&#8243; global_colors_info=&#8220;{}&#8220; theme_builder_area=&#8220;post_content&#8220;][\/et_pb_image][et_pb_blurb title=&#8220;Maybrit Drechsel  Bengtsen <br \/> CFO&#8220; use_icon=&#8220;on&#8220; font_icon=&#8220;&#xf007;||fa||900&#8243; icon_color=&#8220;#5ca4da&#8220; icon_placement=&#8220;left&#8220; image_icon_width=&#8220;20px&#8220; _builder_version=&#8220;4.20.2&#8243; _module_preset=&#8220;default&#8220; header_font=&#8220;||||||||&#8220; header_text_color=&#8220;#000000&#8243; header_font_size=&#8220;13px&#8220; custom_margin=&#8220;||0px||false|false&#8220; custom_padding=&#8220;0px||0px||false|false&#8220; border_color_all_image=&#8220;#ffffff&#8220; global_colors_info=&#8220;{}&#8220; theme_builder_area=&#8220;post_content&#8220;][\/et_pb_blurb][et_pb_blurb use_icon=&#8220;on&#8220; font_icon=&#8220;&#xe090;||divi||400&#8243; icon_color=&#8220;#5ca4da&#8220; icon_placement=&#8220;left&#8220; image_icon_width=&#8220;20px&#8220; _builder_version=&#8220;4.20.2&#8243; _module_preset=&#8220;default&#8220; header_font=&#8220;||||||||&#8220; header_text_align=&#8220;left&#8220; header_text_color=&#8220;#000000&#8243; header_font_size=&#8220;13px&#8220; body_text_color=&#8220;#000000&#8243; body_font_size=&#8220;13px&#8220; body_line_height=&#8220;1em&#8220; image_icon_custom_margin=&#8220;|0px|0px|0px|false|false&#8220; image_icon_custom_padding=&#8220;0px|0px|0px|0px|false|false&#8220; custom_margin=&#8220;||0px||false|false&#8220; custom_padding=&#8220;0px||0px||false|false&#8220; border_color_all_image=&#8220;#ffffff&#8220; global_colors_info=&#8220;{}&#8220; custom_css_before_last_edited=&#8220;off|desktop&#8220; theme_builder_area=&#8220;post_content&#8220;]<\/p>\n<p><a href=\"tel:+45 2120 1773\">+45 2120 1773<\/a><\/p>\n<p>[\/et_pb_blurb][et_pb_blurb use_icon=&#8220;on&#8220; font_icon=&#8220;&#xe010;||divi||400&#8243; icon_color=&#8220;#5ca4da&#8220; icon_placement=&#8220;left&#8220; image_icon_width=&#8220;20px&#8220; _builder_version=&#8220;4.20.2&#8243; _module_preset=&#8220;default&#8220; header_font=&#8220;||||||||&#8220; header_text_color=&#8220;#000000&#8243; header_font_size=&#8220;13px&#8220; border_color_all_image=&#8220;#ffffff&#8220; global_colors_info=&#8220;{}&#8220; theme_builder_area=&#8220;post_content&#8220;]<a href=\"mailto:mb@m-tex.dk\">mb@m-tex.dk<\/a>[\/et_pb_blurb][\/et_pb_column][et_pb_column type=&#8220;1_5&#8243; _builder_version=&#8220;4.20.2&#8243; _module_preset=&#8220;default&#8220; global_colors_info=&#8220;{}&#8220; theme_builder_area=&#8220;post_content&#8220;][et_pb_text _builder_version=&#8220;4.20.4&#8243; _module_preset=&#8220;default&#8220; global_colors_info=&#8220;{}&#8220; theme_builder_area=&#8220;post_content&#8220;]<\/p>\n<h2>kontaktiere uns<\/h2>\n<div class=\"fw-content footer-border\">\n<div class=\"textwidget\">\n<p>S\u00f8ren Nielsen Diamantpolering ApS<br \/>\nV\u00e6vergyden 3, Lindelse<br \/>\nDK-5900 Rudk\u00f8bing<br \/>\nTlf. <strong><a href=\"tel:++45 6257 1773\">+45 6257 1773<\/a><\/strong><br \/>\n<strong><a href=\"mailto:fdn@m-tex.dk\">fdn@m-tex.dk<\/a><\/strong><\/p>\n<\/div>\n<\/div>\n<p>[\/et_pb_text][\/et_pb_column][et_pb_column type=&#8220;1_5&#8243; _builder_version=&#8220;4.20.2&#8243; _module_preset=&#8220;default&#8220; global_colors_info=&#8220;{}&#8220; theme_builder_area=&#8220;post_content&#8220;][et_pb_text _builder_version=&#8220;4.20.4&#8243; _module_preset=&#8220;default&#8220; global_colors_info=&#8220;{}&#8220; theme_builder_area=&#8220;post_content&#8220;]<\/p>\n<h2>Folgen Sie uns<\/h2>\n<p>[\/et_pb_text][et_pb_social_media_follow _builder_version=&#8220;4.20.2&#8243; _module_preset=&#8220;default&#8220; global_colors_info=&#8220;{}&#8220; theme_builder_area=&#8220;post_content&#8220;][et_pb_social_media_follow_network social_network=&#8220;linkedin&#8220; url=&#8220;https:\/\/www.linkedin.com\/company\/s%C3%B8ren-nielsen-diamantpolering\/&#8220; _builder_version=&#8220;4.20.2&#8243; _module_preset=&#8220;default&#8220; background_color=&#8220;#007bb6&#8243; global_colors_info=&#8220;{}&#8220; theme_builder_area=&#8220;post_content&#8220; follow_button=&#8220;off&#8220; url_new_window=&#8220;on&#8220;]linkedin[\/et_pb_social_media_follow_network][\/et_pb_social_media_follow][et_pb_text _builder_version=&#8220;4.20.4&#8243; _module_preset=&#8220;default&#8220; global_colors_info=&#8220;{}&#8220; theme_builder_area=&#8220;post_content&#8220;]<\/p>\n<h2>Partnerin<\/h2>\n<p>[\/et_pb_text][et_pb_image src=&#8220;https:\/\/www.m-tex.dk\/wp-content\/uploads\/2023\/04\/m-tex-logo.png&#8220; title_text=&#8220;m-tex-logo&#8220; _builder_version=&#8220;4.20.2&#8243; _module_preset=&#8220;default&#8220; width=&#8220;50%&#8220; global_colors_info=&#8220;{}&#8220; theme_builder_area=&#8220;post_content&#8220;][\/et_pb_image][\/et_pb_column][\/et_pb_row][\/et_pb_section]<\/p>\n","protected":false},"excerpt":{"rendered":"<p>Strukturieren von PrototypenDas \u00c4tzen\/Strukturieren von Prototypen wird h\u00e4ufig eingesetzt, ehe man mit dem Bearbeiten von Werkzeugen beginnt. Auch das erledigen wir bei uns im Haus. Wir k\u00f6nnen Oberfl\u00e4chenstrukturen in Ihre Prototypen \u00e4tzen und die Werkst\u00fccke f\u00fcr Sie lackieren. Wir foto\u00e4tzen sowohl SLA- als auch SLS-Modelle und bew\u00e4ltigen selbst gro\u00dfe Prototypen \u2013 unter anderem f\u00fcr die [&hellip;]<\/p>\n","protected":false},"author":1,"featured_media":0,"parent":893,"menu_order":0,"comment_status":"closed","ping_status":"closed","template":"","meta":{"_et_pb_use_builder":"on","_et_pb_old_content":"","_et_gb_content_width":"","inline_featured_image":false,"footnotes":""},"class_list":["post-910","page","type-page","status-publish","hentry"],"_links":{"self":[{"href":"https:\/\/www.m-tex.dk\/de\/wp-json\/wp\/v2\/pages\/910","targetHints":{"allow":["GET"]}}],"collection":[{"href":"https:\/\/www.m-tex.dk\/de\/wp-json\/wp\/v2\/pages"}],"about":[{"href":"https:\/\/www.m-tex.dk\/de\/wp-json\/wp\/v2\/types\/page"}],"author":[{"embeddable":true,"href":"https:\/\/www.m-tex.dk\/de\/wp-json\/wp\/v2\/users\/1"}],"replies":[{"embeddable":true,"href":"https:\/\/www.m-tex.dk\/de\/wp-json\/wp\/v2\/comments?post=910"}],"version-history":[{"count":3,"href":"https:\/\/www.m-tex.dk\/de\/wp-json\/wp\/v2\/pages\/910\/revisions"}],"predecessor-version":[{"id":915,"href":"https:\/\/www.m-tex.dk\/de\/wp-json\/wp\/v2\/pages\/910\/revisions\/915"}],"up":[{"embeddable":true,"href":"https:\/\/www.m-tex.dk\/de\/wp-json\/wp\/v2\/pages\/893"}],"wp:attachment":[{"href":"https:\/\/www.m-tex.dk\/de\/wp-json\/wp\/v2\/media?parent=910"}],"curies":[{"name":"wp","href":"https:\/\/api.w.org\/{rel}","templated":true}]}}