{"id":951,"date":"2023-03-30T13:49:24","date_gmt":"2023-03-30T13:49:24","guid":{"rendered":"https:\/\/www.m-tex.dk\/kontakt\/"},"modified":"2023-04-05T11:42:54","modified_gmt":"2023-04-05T11:42:54","slug":"kontakt","status":"publish","type":"page","link":"https:\/\/www.m-tex.dk\/de\/kontakt\/","title":{"rendered":"Kontakt"},"content":{"rendered":"<p>[et_pb_section fb_built=&#8220;1&#8243; _builder_version=&#8220;4.20.2&#8243; _module_preset=&#8220;default&#8220; background_color=&#8220;#e6e7e8&#8243; custom_padding=&#8220;||0px||false|false&#8220; global_colors_info=&#8220;{}&#8220;][et_pb_row _builder_version=&#8220;4.20.2&#8243; _module_preset=&#8220;default&#8220; global_colors_info=&#8220;{}&#8220;][et_pb_column type=&#8220;4_4&#8243; _builder_version=&#8220;4.20.2&#8243; _module_preset=&#8220;default&#8220; global_colors_info=&#8220;{}&#8220;][et_pb_text _builder_version=&#8220;4.20.4&#8243; _module_preset=&#8220;default&#8220; text_font_size=&#8220;15px&#8220; header_2_text_color=&#8220;#000000&#8243; header_2_font_size=&#8220;30px&#8220; global_colors_info=&#8220;{}&#8220;]<\/p>\n<h2><strong>Kontakt<\/strong><\/h2>\n<p>Wenn Sie mehr \u00fcber Pr\u00e4zisionsarbeit in der Oberfl\u00e4chenbehandlung von Formen wissen m\u00f6chten, rufen Sie uns an oder schicken Sie uns eine E-Mail. Wir sind bereit, Ihnen zu helfen.<\/p>\n<p>[\/et_pb_text][\/et_pb_column][\/et_pb_row][et_pb_row column_structure=&#8220;1_3,1_3,1_3&#8243; _builder_version=&#8220;4.20.2&#8243; _module_preset=&#8220;default&#8220; global_colors_info=&#8220;{}&#8220;][et_pb_column type=&#8220;1_3&#8243; _builder_version=&#8220;4.20.2&#8243; _module_preset=&#8220;default&#8220; global_colors_info=&#8220;{}&#8220;][et_pb_image src=&#8220;https:\/\/www.m-tex.dk\/wp-content\/uploads\/2023\/03\/flemming-nielsen-228&#215;300.jpg&#8220; title_text=&#8220;flemming-nielsen&#8220; _builder_version=&#8220;4.20.2&#8243; _module_preset=&#8220;default&#8220; box_shadow_style=&#8220;preset2&#8243; global_colors_info=&#8220;{}&#8220;][\/et_pb_image][et_pb_blurb title=&#8220;Flemming Drechsel Nielsen <br \/> CEO&#8220; use_icon=&#8220;on&#8220; font_icon=&#8220;&#xf007;||fa||900&#8243; icon_color=&#8220;#5ca4da&#8220; icon_placement=&#8220;left&#8220; image_icon_width=&#8220;25px&#8220; _builder_version=&#8220;4.20.2&#8243; _module_preset=&#8220;default&#8220; header_font=&#8220;||||||||&#8220; header_text_color=&#8220;#000000&#8243; header_font_size=&#8220;16px&#8220; custom_padding=&#8220;||||false|false&#8220; border_color_all_image=&#8220;#ffffff&#8220; global_colors_info=&#8220;{}&#8220;][\/et_pb_blurb][et_pb_blurb use_icon=&#8220;on&#8220; font_icon=&#8220;&#xe090;||divi||400&#8243; icon_color=&#8220;#5ca4da&#8220; icon_placement=&#8220;left&#8220; image_icon_width=&#8220;25px&#8220; _builder_version=&#8220;4.20.2&#8243; _module_preset=&#8220;default&#8220; header_font=&#8220;||||||||&#8220; header_text_color=&#8220;#000000&#8243; header_font_size=&#8220;16px&#8220; body_font_size=&#8220;16px&#8220; border_color_all_image=&#8220;#ffffff&#8220; global_colors_info=&#8220;{}&#8220;]<\/p>\n<p><a href=\"tel:+45 2395 2142\">+45 2395 2142<\/a><\/p>\n<p>[\/et_pb_blurb][et_pb_blurb use_icon=&#8220;on&#8220; font_icon=&#8220;&#xe010;||divi||400&#8243; icon_color=&#8220;#5ca4da&#8220; icon_placement=&#8220;left&#8220; image_icon_width=&#8220;25px&#8220; _builder_version=&#8220;4.20.2&#8243; _module_preset=&#8220;default&#8220; header_font=&#8220;||||||||&#8220; header_text_color=&#8220;#000000&#8243; header_font_size=&#8220;16px&#8220; body_font_size=&#8220;16px&#8220; border_color_all_image=&#8220;#ffffff&#8220; global_colors_info=&#8220;{}&#8220;]<\/p>\n<p><a href=\"mailto:fdn@m-tex.dk\">fdn@m-tex.dk<\/a><\/p>\n<p>[\/et_pb_blurb][\/et_pb_column][et_pb_column type=&#8220;1_3&#8243; _builder_version=&#8220;4.20.2&#8243; _module_preset=&#8220;default&#8220; global_colors_info=&#8220;{}&#8220;][et_pb_image src=&#8220;https:\/\/www.m-tex.dk\/wp-content\/uploads\/2023\/04\/martin.jpg&#8220; title_text=&#8220;martin&#8220; _builder_version=&#8220;4.20.2&#8243; _module_preset=&#8220;default&#8220; box_shadow_style=&#8220;preset2&#8243; global_colors_info=&#8220;{}&#8220;][\/et_pb_image][et_pb_blurb title=&#8220;Martin Kruse Christoffersen <br \/> CPO&#8220; use_icon=&#8220;on&#8220; font_icon=&#8220;&#xf007;||fa||900&#8243; icon_color=&#8220;#5ca4da&#8220; icon_placement=&#8220;left&#8220; image_icon_width=&#8220;25px&#8220; _builder_version=&#8220;4.20.2&#8243; _module_preset=&#8220;default&#8220; header_font=&#8220;||||||||&#8220; header_text_color=&#8220;#000000&#8243; header_font_size=&#8220;16px&#8220; border_color_all_image=&#8220;#ffffff&#8220; global_colors_info=&#8220;{}&#8220;][\/et_pb_blurb][et_pb_blurb use_icon=&#8220;on&#8220; font_icon=&#8220;&#xe090;||divi||400&#8243; icon_color=&#8220;#5ca4da&#8220; icon_placement=&#8220;left&#8220; image_icon_width=&#8220;25px&#8220; _builder_version=&#8220;4.20.2&#8243; _module_preset=&#8220;default&#8220; header_font=&#8220;||||||||&#8220; header_text_color=&#8220;#000000&#8243; header_font_size=&#8220;16px&#8220; body_font_size=&#8220;16px&#8220; border_color_all_image=&#8220;#ffffff&#8220; global_colors_info=&#8220;{}&#8220;]<a href=\"tel:+45 5153 1773\">+45 5153 1773<\/a>[\/et_pb_blurb][et_pb_blurb use_icon=&#8220;on&#8220; font_icon=&#8220;&#xe010;||divi||400&#8243; icon_color=&#8220;#5ca4da&#8220; icon_placement=&#8220;left&#8220; image_icon_width=&#8220;25px&#8220; _builder_version=&#8220;4.20.2&#8243; _module_preset=&#8220;default&#8220; header_font=&#8220;||||||||&#8220; header_text_color=&#8220;#000000&#8243; header_font_size=&#8220;16px&#8220; body_font_size=&#8220;16px&#8220; border_color_all_image=&#8220;#ffffff&#8220; global_colors_info=&#8220;{}&#8220;]<a href=\"mailto:mkc@m-tex.dk\">mkc@m-tex.dk<\/a>[\/et_pb_blurb][\/et_pb_column][et_pb_column type=&#8220;1_3&#8243; _builder_version=&#8220;4.20.2&#8243; _module_preset=&#8220;default&#8220; global_colors_info=&#8220;{}&#8220;][et_pb_image src=&#8220;https:\/\/www.m-tex.dk\/wp-content\/uploads\/2023\/03\/maybrit-bengtsen-228&#215;300.jpg&#8220; title_text=&#8220;maybrit-bengtsen&#8220; _builder_version=&#8220;4.20.2&#8243; _module_preset=&#8220;default&#8220; box_shadow_style=&#8220;preset2&#8243; global_colors_info=&#8220;{}&#8220;][\/et_pb_image][et_pb_blurb title=&#8220;Maybrit Drechsel Bengtsen<br \/> CFO&#8220; use_icon=&#8220;on&#8220; font_icon=&#8220;&#xf007;||fa||900&#8243; icon_color=&#8220;#5ca4da&#8220; icon_placement=&#8220;left&#8220; image_icon_width=&#8220;25px&#8220; _builder_version=&#8220;4.20.2&#8243; _module_preset=&#8220;default&#8220; header_font=&#8220;||||||||&#8220; header_text_color=&#8220;#000000&#8243; header_font_size=&#8220;16px&#8220; border_color_all_image=&#8220;#ffffff&#8220; global_colors_info=&#8220;{}&#8220;][\/et_pb_blurb][et_pb_blurb use_icon=&#8220;on&#8220; font_icon=&#8220;&#xe090;||divi||400&#8243; icon_color=&#8220;#5ca4da&#8220; icon_placement=&#8220;left&#8220; image_icon_width=&#8220;25px&#8220; _builder_version=&#8220;4.20.2&#8243; _module_preset=&#8220;default&#8220; header_font=&#8220;||||||||&#8220; header_text_color=&#8220;#000000&#8243; header_font_size=&#8220;16px&#8220; body_font_size=&#8220;16px&#8220; border_color_all_image=&#8220;#ffffff&#8220; global_colors_info=&#8220;{}&#8220;]<\/p>\n<p><a href=\"tel:\t +45 2120 1773\">+45 2120 1773<\/a><\/p>\n<p>[\/et_pb_blurb][et_pb_blurb use_icon=&#8220;on&#8220; font_icon=&#8220;&#xe010;||divi||400&#8243; icon_color=&#8220;#5ca4da&#8220; icon_placement=&#8220;left&#8220; image_icon_width=&#8220;25px&#8220; _builder_version=&#8220;4.20.2&#8243; _module_preset=&#8220;default&#8220; header_font=&#8220;||||||||&#8220; header_text_color=&#8220;#000000&#8243; header_font_size=&#8220;16px&#8220; body_font_size=&#8220;16px&#8220; border_color_all_image=&#8220;#ffffff&#8220; global_colors_info=&#8220;{}&#8220;]<a href=\"mailto:mb@m-tex.dk\">mb@m-tex.dk<\/a>[\/et_pb_blurb][\/et_pb_column][\/et_pb_row][\/et_pb_section][et_pb_section fb_built=&#8220;1&#8243; _builder_version=&#8220;4.20.2&#8243; _module_preset=&#8220;default&#8220; background_color=&#8220;#e6e7e8&#8243; global_colors_info=&#8220;{}&#8220;][et_pb_row column_structure=&#8220;1_2,1_2&#8243; _builder_version=&#8220;4.20.2&#8243; _module_preset=&#8220;default&#8220; global_colors_info=&#8220;{}&#8220;][et_pb_column type=&#8220;1_2&#8243; _builder_version=&#8220;4.16&#8243; _module_preset=&#8220;default&#8220; global_colors_info=&#8220;{}&#8220;][et_pb_text _builder_version=&#8220;4.20.2&#8243; _module_preset=&#8220;default&#8220; global_colors_info=&#8220;{}&#8220;]<iframe src=\"https:\/\/www.google.com\/maps\/embed?pb=!1m18!1m12!1m3!1d2296.236684260788!2d10.72887331590465!3d54.86365498032489!2m3!1f0!2f0!3f0!3m2!1i1024!2i768!4f13.1!3m3!1m2!1s0x47b2b7bdde7bcee9%3A0x275547a7fc48468e!2sV%C3%A6vergyden%203%2C%205900%20Rudk%C3%B8bing!5e0!3m2!1sda!2sdk!4v1680184728951!5m2!1sda!2sdk\" width=\"600\" height=\"450\" style=\"border: 0;\" allowfullscreen=\"\" loading=\"lazy\" referrerpolicy=\"no-referrer-when-downgrade\"><\/iframe>[\/et_pb_text][\/et_pb_column][et_pb_column type=&#8220;1_2&#8243; _builder_version=&#8220;4.16&#8243; _module_preset=&#8220;default&#8220; global_colors_info=&#8220;{}&#8220;][et_pb_text _builder_version=&#8220;4.20.4&#8243; _module_preset=&#8220;default&#8220; header_2_text_color=&#8220;#000000&#8243; header_2_font_size=&#8220;30px&#8220; hover_enabled=&#8220;0&#8243; global_colors_info=&#8220;{}&#8220; sticky_enabled=&#8220;0&#8243;]<\/p>\n<h2><strong>Hier finden Sie uns<br \/>\n<\/strong><\/h2>\n<p>[\/et_pb_text][et_pb_blurb title=&#8220;S\u00f8ren Nielsen Diamantpolering ApS&#8220; use_icon=&#8220;on&#8220; font_icon=&#8220;&#xf015;||fa||900&#8243; icon_color=&#8220;#5ca4da&#8220; icon_placement=&#8220;left&#8220; _builder_version=&#8220;4.20.2&#8243; _module_preset=&#8220;default&#8220; header_font=&#8220;|700|||||||&#8220; header_text_color=&#8220;#000000&#8243; custom_padding=&#8220;||||false|false&#8220; custom_css_blurb_title=&#8220;padding-left: 20px;&#8220; border_color_all_image=&#8220;#ffffff&#8220; global_colors_info=&#8220;{}&#8220;][\/et_pb_blurb][et_pb_blurb title=&#8220;V\u00e6vergyden 3, Lindelse<br \/> DK-5900 Rudk\u00f8bing&#8220; use_icon=&#8220;on&#8220; font_icon=&#8220;&#xe01d;||divi||400&#8243; icon_color=&#8220;#5ca4da&#8220; icon_placement=&#8220;left&#8220; _builder_version=&#8220;4.20.2&#8243; _module_preset=&#8220;default&#8220; header_font=&#8220;||||||||&#8220; header_text_color=&#8220;#000000&#8243; header_font_size=&#8220;16px&#8220; header_line_height=&#8220;1.2em&#8220; custom_css_blurb_title=&#8220;padding-left: 20px;&#8220; border_color_all_image=&#8220;#ffffff&#8220; global_colors_info=&#8220;{}&#8220;][\/et_pb_blurb][et_pb_blurb title=&#8220;fdn@m-tex.dk&#8220; use_icon=&#8220;on&#8220; font_icon=&#8220;&#xe010;||divi||400&#8243; icon_color=&#8220;#5ca4da&#8220; icon_placement=&#8220;left&#8220; _builder_version=&#8220;4.20.2&#8243; _module_preset=&#8220;default&#8220; header_font=&#8220;||||||||&#8220; header_text_color=&#8220;#000000&#8243; header_font_size=&#8220;16px&#8220; custom_css_blurb_title=&#8220;padding-left: 20px;&#8220; border_color_all_image=&#8220;#ffffff&#8220; global_colors_info=&#8220;{}&#8220;][\/et_pb_blurb][et_pb_blurb title=&#8220;+45 62 57 17 73&#8243; use_icon=&#8220;on&#8220; font_icon=&#8220;&#xe090;||divi||400&#8243; icon_color=&#8220;#5ca4da&#8220; icon_placement=&#8220;left&#8220; _builder_version=&#8220;4.20.2&#8243; _module_preset=&#8220;default&#8220; header_font=&#8220;||||||||&#8220; header_text_color=&#8220;#000000&#8243; header_font_size=&#8220;16px&#8220; custom_css_blurb_title=&#8220;padding-left: 20px;&#8220; border_color_all_image=&#8220;#ffffff&#8220; global_colors_info=&#8220;{}&#8220;][\/et_pb_blurb][\/et_pb_column][\/et_pb_row][\/et_pb_section]<\/p>\n","protected":false},"excerpt":{"rendered":"<p>Kontakt Wenn Sie mehr \u00fcber Pr\u00e4zisionsarbeit in der Oberfl\u00e4chenbehandlung von Formen wissen m\u00f6chten, rufen Sie uns an oder schicken Sie uns eine E-Mail. Wir sind bereit, Ihnen zu helfen.+45 2395 2142fdn@m-tex.dk+45 5153 1773mkc@m-tex.dk+45 2120 1773mb@m-tex.dkHier finden Sie uns<\/p>\n","protected":false},"author":1,"featured_media":0,"parent":0,"menu_order":0,"comment_status":"closed","ping_status":"closed","template":"","meta":{"_et_pb_use_builder":"on","_et_pb_old_content":"","_et_gb_content_width":"","inline_featured_image":false,"footnotes":""},"class_list":["post-951","page","type-page","status-publish","hentry"],"_links":{"self":[{"href":"https:\/\/www.m-tex.dk\/de\/wp-json\/wp\/v2\/pages\/951","targetHints":{"allow":["GET"]}}],"collection":[{"href":"https:\/\/www.m-tex.dk\/de\/wp-json\/wp\/v2\/pages"}],"about":[{"href":"https:\/\/www.m-tex.dk\/de\/wp-json\/wp\/v2\/types\/page"}],"author":[{"embeddable":true,"href":"https:\/\/www.m-tex.dk\/de\/wp-json\/wp\/v2\/users\/1"}],"replies":[{"embeddable":true,"href":"https:\/\/www.m-tex.dk\/de\/wp-json\/wp\/v2\/comments?post=951"}],"version-history":[{"count":3,"href":"https:\/\/www.m-tex.dk\/de\/wp-json\/wp\/v2\/pages\/951\/revisions"}],"predecessor-version":[{"id":956,"href":"https:\/\/www.m-tex.dk\/de\/wp-json\/wp\/v2\/pages\/951\/revisions\/956"}],"wp:attachment":[{"href":"https:\/\/www.m-tex.dk\/de\/wp-json\/wp\/v2\/media?parent=951"}],"curies":[{"name":"wp","href":"https:\/\/api.w.org\/{rel}","templated":true}]}}